{"id":2,"date":"2024-09-08T16:24:41","date_gmt":"2024-09-08T14:24:41","guid":{"rendered":"http:\/\/lespeti.cluster027.hosting.ovh.net\/?page_id=2"},"modified":"2024-11-09T11:16:36","modified_gmt":"2024-11-09T10:16:36","slug":"page-d-exemple","status":"publish","type":"page","link":"https:\/\/www.lespetitsplatsdelinette.fr\/index.php\/page-d-exemple\/","title":{"rendered":"Mention l\u00e9gale"},"content":{"rendered":"<style>.wp-block-kadence-advancedheading.kt-adv-heading2_6dac88-77, .wp-block-kadence-advancedheading.kt-adv-heading2_6dac88-77[data-kb-block=\"kb-adv-heading2_6dac88-77\"]{font-style:normal;}.wp-block-kadence-advancedheading.kt-adv-heading2_6dac88-77 mark.kt-highlight, .wp-block-kadence-advancedheading.kt-adv-heading2_6dac88-77[data-kb-block=\"kb-adv-heading2_6dac88-77\"] mark.kt-highlight{font-style:normal;color:#f76a0c;-webkit-box-decoration-break:clone;box-decoration-break:clone;padding-top:0px;padding-right:0px;padding-bottom:0px;padding-left:0px;}<\/style>\n<p class=\"kt-adv-heading2_6dac88-77 wp-block-kadence-advancedheading\" data-kb-block=\"kb-adv-heading2_6dac88-77\"><strong>Propri\u00e9taire :<\/strong> <\/p>\n\n\n\n<p>C\u00e9line LOMBARDO<br>Si\u00e8ge social : 260 impasse de Juif, 71500 Saint Usuge<br>Auto-entreprise&amp;<br>Siret : 93277833500012<br><a href=\"mailto:contact@lespetitsplatsdelinette.fr\" target=\"_blank\" rel=\"noreferrer noopener\">contact@lespetitsplatsdelinette.fr<\/a><br>Tel : +33 7 59 59 24 12<\/p>\n\n\n\n<h3 class=\"wp-block-heading\">Responsable de publication :<\/h3>\n\n\n\n<p>Olivier LOMBARDO<\/p>\n\n\n\n<h3 class=\"wp-block-heading\">Cr\u00e9ateur :<\/h3>\n\n\n\n<p>Olivier LOMBARDO<br><\/p>\n\n\n\n<p>Le site internet\u00a0<a href=\"https:\/\/www.saveurservice.com\/\">www.lespetitsplatsdelinette.fr<\/a>\u00a0est h\u00e9berg\u00e9 aupr\u00e8s de la soci\u00e9t\u00e9 OVH<\/p>\n\n\n\n<p>CS Lille M\u00e9tropole 424 761 419 00045<br>Code APE 2620Z<br>N\u00b0 TVA : FR 22 424 761 419<br>Si\u00e8ge social : 2 rue Kellermann &#8211; 59100 Roubaix &#8211; France<\/p>\n\n\n\n<p>Le site\u00a0<a href=\"https:\/\/www.saveurservice.com\/\">www.lespetitsplatsdelinette.fr<\/a>\u00a0est r\u00e9gi par le droit fran\u00e7ais. Les visiteurs ayant acc\u00e8s au site de l\u2019\u00e9tranger, doivent s\u2019assurer du respect des lois localement applicables.<\/p>\n\n\n\n<p>Les pr\u00e9sentes mentions l\u00e9gales pouvant \u00eatre modifi\u00e9es \u00e0 tout moment et sans pr\u00e9avis, nous vous conseillons de les consulter r\u00e9guli\u00e8rement.<\/p>\n","protected":false},"excerpt":{"rendered":"<p>Propri\u00e9taire : C\u00e9line LOMBARDOSi\u00e8ge social : 260 impasse de Juif, 71500 Saint UsugeAuto-entreprise&amp;Siret : 93277833500012contact@lespetitsplatsdelinette.frTel : +33 7 59 59 24 12 Responsable de publication : Olivier LOMBARDO Cr\u00e9ateur : Olivier LOMBARDO Le site internet\u00a0www.lespetitsplatsdelinette.fr\u00a0est h\u00e9berg\u00e9 aupr\u00e8s de la soci\u00e9t\u00e9 OVH CS Lille M\u00e9tropole 424 761 419 00045Code APE 2620ZN\u00b0 TVA : FR 22 424&#8230;<\/p>\n","protected":false},"author":1,"featured_media":0,"parent":0,"menu_order":0,"comment_status":"closed","ping_status":"open","template":"","meta":{"_kadence_starter_templates_imported_post":false,"_kad_post_transparent":"","_kad_post_title":"","_kad_post_layout":"","_kad_post_sidebar_id":"","_kad_post_content_style":"","_kad_post_vertical_padding":"","_kad_post_feature":"","_kad_post_feature_position":"","_kad_post_header":false,"_kad_post_footer":false,"footnotes":""},"class_list":["post-2","page","type-page","status-publish","hentry"],"_links":{"self":[{"href":"https:\/\/www.lespetitsplatsdelinette.fr\/index.php\/wp-json\/wp\/v2\/pages\/2","targetHints":{"allow":["GET"]}}],"collection":[{"href":"https:\/\/www.lespetitsplatsdelinette.fr\/index.php\/wp-json\/wp\/v2\/pages"}],"about":[{"href":"https:\/\/www.lespetitsplatsdelinette.fr\/index.php\/wp-json\/wp\/v2\/types\/page"}],"author":[{"embeddable":true,"href":"https:\/\/www.lespetitsplatsdelinette.fr\/index.php\/wp-json\/wp\/v2\/users\/1"}],"replies":[{"embeddable":true,"href":"https:\/\/www.lespetitsplatsdelinette.fr\/index.php\/wp-json\/wp\/v2\/comments?post=2"}],"version-history":[{"count":2,"href":"https:\/\/www.lespetitsplatsdelinette.fr\/index.php\/wp-json\/wp\/v2\/pages\/2\/revisions"}],"predecessor-version":[{"id":373,"href":"https:\/\/www.lespetitsplatsdelinette.fr\/index.php\/wp-json\/wp\/v2\/pages\/2\/revisions\/373"}],"wp:attachment":[{"href":"https:\/\/www.lespetitsplatsdelinette.fr\/index.php\/wp-json\/wp\/v2\/media?parent=2"}],"curies":[{"name":"wp","href":"https:\/\/api.w.org\/{rel}","templated":true}]}}