{"id":400,"date":"2024-11-09T13:49:12","date_gmt":"2024-11-09T12:49:12","guid":{"rendered":"https:\/\/www.lespetitsplatsdelinette.fr\/?page_id=400"},"modified":"2024-11-09T13:49:12","modified_gmt":"2024-11-09T12:49:12","slug":"financement","status":"publish","type":"page","link":"https:\/\/www.lespetitsplatsdelinette.fr\/index.php\/financement\/","title":{"rendered":"Financement"},"content":{"rendered":"\n<h3 class=\"wp-block-heading\">Aides au financement pour le portage de repas \u00e0 domicile en Sa\u00f4ne-et-Loire<\/h3>\n\n\n\n<p>Notre service de portage de repas \u00e0 domicile b\u00e9n\u00e9ficie de dispositifs financiers et d\u2019aides pour all\u00e9ger vos d\u00e9penses et faciliter l\u2019acc\u00e8s \u00e0 nos prestations. D\u00e9couvrez ci-dessous les principales aides disponibles pour les r\u00e9sidents de la Sa\u00f4ne-et-Loire.<\/p>\n\n\n\n<h4 class=\"wp-block-heading\">1. Le Cr\u00e9dit d\u2019Imp\u00f4t pour les Services \u00e0 la Personne<\/h4>\n\n\n\n<p>En tant que service agr\u00e9\u00e9, notre portage de repas vous permet de b\u00e9n\u00e9ficier d\u2019un cr\u00e9dit d\u2019imp\u00f4t de 50 % sur les d\u00e9penses engag\u00e9es. Ce cr\u00e9dit d&rsquo;imp\u00f4t est accessible \u00e0 tous, sans condition d&rsquo;\u00e2ge, que vous soyez imposable ou non.<\/p>\n\n\n\n<p>Pour en savoir plus sur le cr\u00e9dit d&rsquo;imp\u00f4t et r\u00e9aliser vos d\u00e9marches, consultez le site officiel du service public : <a href=\"https:\/\/www.economie.gouv.fr\/cedef\/services-a-la-personne\">Service-Public.fr &#8211; Cr\u00e9dit d&rsquo;imp\u00f4t pour l&#8217;emploi d&rsquo;un salari\u00e9 \u00e0 domicile.<\/a><\/p>\n\n\n\n<h4 class=\"wp-block-heading\">2. L\u2019Allocation Personnalis\u00e9e d\u2019Autonomie (APA)<\/h4>\n\n\n\n<p>L\u2019APA est une aide destin\u00e9e aux personnes de 60 ans et plus, en perte d&rsquo;autonomie. Elle peut \u00eatre utilis\u00e9e pour financer les services de maintien \u00e0 domicile, y compris le portage de repas. Cette aide est accord\u00e9e par le d\u00e9partement de Sa\u00f4ne-et-Loire et est soumise \u00e0 des crit\u00e8res de d\u00e9pendance (\u00e9valu\u00e9s par le groupe iso-ressources, GIR) et de revenus.<\/p>\n\n\n\n<p>Pour obtenir l\u2019APA, vous pouvez :<\/p>\n\n\n\n<ul class=\"wp-block-list\">\n<li>Consulter la page d\u00e9di\u00e9e de la Sa\u00f4ne-et-Loire : <a href=\"https:\/\/www.saoneetloire.fr\/guide-des-aides\/allocation-personnalisee-dautonomie-apa\/\">Conseil D\u00e9partemental de Sa\u00f4ne-et-Loire &#8211; Allocation Personnalis\u00e9e d&rsquo;Autonomie (APA)<\/a>.<\/li>\n\n\n\n<li>Vous adresser directement aux services sociaux de votre commune ou contacter le d\u00e9partement au num\u00e9ro indiqu\u00e9 sur le site.<\/li>\n<\/ul>\n\n\n\n<p><\/p>\n","protected":false},"excerpt":{"rendered":"<p>Aides au financement pour le portage de repas \u00e0 domicile en Sa\u00f4ne-et-Loire Notre service de portage de repas \u00e0 domicile b\u00e9n\u00e9ficie de dispositifs financiers et d\u2019aides pour all\u00e9ger vos d\u00e9penses et faciliter l\u2019acc\u00e8s \u00e0 nos prestations. D\u00e9couvrez ci-dessous les principales aides disponibles pour les r\u00e9sidents de la Sa\u00f4ne-et-Loire. 1. Le Cr\u00e9dit d\u2019Imp\u00f4t pour les Services&#8230;<\/p>\n","protected":false},"author":1,"featured_media":0,"parent":0,"menu_order":0,"comment_status":"closed","ping_status":"closed","template":"","meta":{"_kadence_starter_templates_imported_post":false,"_kad_post_transparent":"","_kad_post_title":"","_kad_post_layout":"","_kad_post_sidebar_id":"","_kad_post_content_style":"","_kad_post_vertical_padding":"","_kad_post_feature":"","_kad_post_feature_position":"","_kad_post_header":false,"_kad_post_footer":false,"footnotes":""},"class_list":["post-400","page","type-page","status-publish","hentry"],"_links":{"self":[{"href":"https:\/\/www.lespetitsplatsdelinette.fr\/index.php\/wp-json\/wp\/v2\/pages\/400","targetHints":{"allow":["GET"]}}],"collection":[{"href":"https:\/\/www.lespetitsplatsdelinette.fr\/index.php\/wp-json\/wp\/v2\/pages"}],"about":[{"href":"https:\/\/www.lespetitsplatsdelinette.fr\/index.php\/wp-json\/wp\/v2\/types\/page"}],"author":[{"embeddable":true,"href":"https:\/\/www.lespetitsplatsdelinette.fr\/index.php\/wp-json\/wp\/v2\/users\/1"}],"replies":[{"embeddable":true,"href":"https:\/\/www.lespetitsplatsdelinette.fr\/index.php\/wp-json\/wp\/v2\/comments?post=400"}],"version-history":[{"count":1,"href":"https:\/\/www.lespetitsplatsdelinette.fr\/index.php\/wp-json\/wp\/v2\/pages\/400\/revisions"}],"predecessor-version":[{"id":401,"href":"https:\/\/www.lespetitsplatsdelinette.fr\/index.php\/wp-json\/wp\/v2\/pages\/400\/revisions\/401"}],"wp:attachment":[{"href":"https:\/\/www.lespetitsplatsdelinette.fr\/index.php\/wp-json\/wp\/v2\/media?parent=400"}],"curies":[{"name":"wp","href":"https:\/\/api.w.org\/{rel}","templated":true}]}}