{"id":402,"date":"2024-11-09T14:17:27","date_gmt":"2024-11-09T13:17:27","guid":{"rendered":"https:\/\/www.lespetitsplatsdelinette.fr\/?page_id=402"},"modified":"2024-11-09T15:07:20","modified_gmt":"2024-11-09T14:07:20","slug":"nos-services-en-plus","status":"publish","type":"page","link":"https:\/\/www.lespetitsplatsdelinette.fr\/index.php\/nos-services-en-plus\/","title":{"rendered":"Nos services en plus"},"content":{"rendered":"\n<div class=\"wp-block-group is-horizontal is-content-justification-center is-nowrap is-layout-flex wp-container-core-group-is-layout-8dbf8d71 wp-block-group-is-layout-flex\">\n<figure class=\"wp-block-image size-full is-resized\"><img loading=\"lazy\" decoding=\"async\" width=\"2560\" height=\"1435\" src=\"https:\/\/www.lespetitsplatsdelinette.fr\/wp-content\/uploads\/2024\/11\/AdobeStock_932621172-scaled.jpeg\" alt=\"\" class=\"wp-image-404\" style=\"width:502px;height:auto\" srcset=\"https:\/\/www.lespetitsplatsdelinette.fr\/wp-content\/uploads\/2024\/11\/AdobeStock_932621172-scaled.jpeg 2560w, https:\/\/www.lespetitsplatsdelinette.fr\/wp-content\/uploads\/2024\/11\/AdobeStock_932621172-300x168.jpeg 300w, https:\/\/www.lespetitsplatsdelinette.fr\/wp-content\/uploads\/2024\/11\/AdobeStock_932621172-1024x574.jpeg 1024w, https:\/\/www.lespetitsplatsdelinette.fr\/wp-content\/uploads\/2024\/11\/AdobeStock_932621172-768x430.jpeg 768w, https:\/\/www.lespetitsplatsdelinette.fr\/wp-content\/uploads\/2024\/11\/AdobeStock_932621172-1536x861.jpeg 1536w, https:\/\/www.lespetitsplatsdelinette.fr\/wp-content\/uploads\/2024\/11\/AdobeStock_932621172-2048x1148.jpeg 2048w\" sizes=\"auto, (max-width: 2560px) 100vw, 2560px\" \/><\/figure>\n\n\n<style>.kadence-column402_9750d6-e8 > .kt-inside-inner-col,.kadence-column402_9750d6-e8 > .kt-inside-inner-col:before{border-top-left-radius:0px;border-top-right-radius:0px;border-bottom-right-radius:0px;border-bottom-left-radius:0px;}.kadence-column402_9750d6-e8 > .kt-inside-inner-col{column-gap:var(--global-kb-gap-sm, 1rem);}.kadence-column402_9750d6-e8 > .kt-inside-inner-col{flex-direction:column;}.kadence-column402_9750d6-e8 > .kt-inside-inner-col > .aligncenter{width:100%;}.kadence-column402_9750d6-e8 > .kt-inside-inner-col:before{opacity:0.3;}.kadence-column402_9750d6-e8{position:relative;}@media all and (max-width: 1024px){.kadence-column402_9750d6-e8 > .kt-inside-inner-col{flex-direction:column;justify-content:center;}}@media all and (max-width: 767px){.kadence-column402_9750d6-e8 > .kt-inside-inner-col{flex-direction:column;justify-content:center;}}<\/style>\n<div class=\"wp-block-kadence-column kadence-column402_9750d6-e8\"><div class=\"kt-inside-inner-col\">\n<h3 class=\"wp-block-heading\">Assistance administrative \u00e0 domicile : <em><strong>Tarif : 15 \u20ac \/ heure<\/strong><\/em><\/h3>\n\n\n\n<p>:Par exemple ; aide aux courriers, classement des documents, d\u00e9marches administratives, etc&#8230;<\/p>\n<\/div><\/div>\n<\/div>\n\n\n\n<div class=\"wp-block-group is-horizontal is-content-justification-center is-nowrap is-layout-flex wp-container-core-group-is-layout-8dbf8d71 wp-block-group-is-layout-flex\"><style>.kadence-column402_b55547-bd > .kt-inside-inner-col,.kadence-column402_b55547-bd > .kt-inside-inner-col:before{border-top-left-radius:0px;border-top-right-radius:0px;border-bottom-right-radius:0px;border-bottom-left-radius:0px;}.kadence-column402_b55547-bd > .kt-inside-inner-col{column-gap:var(--global-kb-gap-sm, 1rem);}.kadence-column402_b55547-bd > .kt-inside-inner-col{flex-direction:column;}.kadence-column402_b55547-bd > .kt-inside-inner-col > .aligncenter{width:100%;}.kadence-column402_b55547-bd > .kt-inside-inner-col:before{opacity:0.3;}.kadence-column402_b55547-bd{position:relative;}@media all and (max-width: 1024px){.kadence-column402_b55547-bd > .kt-inside-inner-col{flex-direction:column;justify-content:center;}}@media all and (max-width: 767px){.kadence-column402_b55547-bd > .kt-inside-inner-col{flex-direction:column;justify-content:center;}}<\/style>\n<div class=\"wp-block-kadence-column kadence-column402_b55547-bd\"><div class=\"kt-inside-inner-col\">\n<h3 class=\"wp-block-heading\">Entretien et vigilance de votre domicile : <em><strong>Tarif : 10 \u20ac \/ passage<\/strong><\/em><\/h3>\n\n\n\n<p>:Par exemple : en cas d&rsquo;hospitalisation ou d&rsquo;absence prolong\u00e9e nous pouvons passer \u00e0 votre domicile pour relever le courrier, arroser les plantes et faire un \u00e9tat visuel de votre maison , etc&#8230;<\/p>\n<\/div><\/div>\n\n\n\n<figure class=\"wp-block-image size-full is-resized\"><img loading=\"lazy\" decoding=\"async\" width=\"2560\" height=\"1703\" src=\"https:\/\/www.lespetitsplatsdelinette.fr\/wp-content\/uploads\/2024\/11\/AdobeStock_31805032-scaled.jpeg\" alt=\"\" class=\"wp-image-405\" style=\"width:567px;height:auto\" srcset=\"https:\/\/www.lespetitsplatsdelinette.fr\/wp-content\/uploads\/2024\/11\/AdobeStock_31805032-scaled.jpeg 2560w, https:\/\/www.lespetitsplatsdelinette.fr\/wp-content\/uploads\/2024\/11\/AdobeStock_31805032-300x200.jpeg 300w, https:\/\/www.lespetitsplatsdelinette.fr\/wp-content\/uploads\/2024\/11\/AdobeStock_31805032-1024x681.jpeg 1024w, https:\/\/www.lespetitsplatsdelinette.fr\/wp-content\/uploads\/2024\/11\/AdobeStock_31805032-768x511.jpeg 768w, https:\/\/www.lespetitsplatsdelinette.fr\/wp-content\/uploads\/2024\/11\/AdobeStock_31805032-1536x1022.jpeg 1536w, https:\/\/www.lespetitsplatsdelinette.fr\/wp-content\/uploads\/2024\/11\/AdobeStock_31805032-2048x1363.jpeg 2048w\" sizes=\"auto, (max-width: 2560px) 100vw, 2560px\" \/><\/figure>\n<\/div>\n\n\n\n<div class=\"wp-block-group is-layout-grid wp-container-core-group-is-layout-9649a0d9 wp-block-group-is-layout-grid\"><\/div>\n\n\n\n<p><\/p>\n","protected":false},"excerpt":{"rendered":"<p>Assistance administrative \u00e0 domicile : Tarif : 15 \u20ac \/ heure :Par exemple ; aide aux courriers, classement des documents, d\u00e9marches administratives, etc&#8230; Entretien et vigilance de votre domicile : Tarif : 10 \u20ac \/ passage :Par exemple : en cas d&rsquo;hospitalisation ou d&rsquo;absence prolong\u00e9e nous pouvons passer \u00e0 votre domicile pour relever le courrier,&#8230;<\/p>\n","protected":false},"author":1,"featured_media":0,"parent":0,"menu_order":0,"comment_status":"closed","ping_status":"closed","template":"","meta":{"_kadence_starter_templates_imported_post":false,"_kad_post_transparent":"","_kad_post_title":"","_kad_post_layout":"","_kad_post_sidebar_id":"","_kad_post_content_style":"","_kad_post_vertical_padding":"","_kad_post_feature":"","_kad_post_feature_position":"","_kad_post_header":false,"_kad_post_footer":false,"footnotes":""},"class_list":["post-402","page","type-page","status-publish","hentry"],"_links":{"self":[{"href":"https:\/\/www.lespetitsplatsdelinette.fr\/index.php\/wp-json\/wp\/v2\/pages\/402","targetHints":{"allow":["GET"]}}],"collection":[{"href":"https:\/\/www.lespetitsplatsdelinette.fr\/index.php\/wp-json\/wp\/v2\/pages"}],"about":[{"href":"https:\/\/www.lespetitsplatsdelinette.fr\/index.php\/wp-json\/wp\/v2\/types\/page"}],"author":[{"embeddable":true,"href":"https:\/\/www.lespetitsplatsdelinette.fr\/index.php\/wp-json\/wp\/v2\/users\/1"}],"replies":[{"embeddable":true,"href":"https:\/\/www.lespetitsplatsdelinette.fr\/index.php\/wp-json\/wp\/v2\/comments?post=402"}],"version-history":[{"count":14,"href":"https:\/\/www.lespetitsplatsdelinette.fr\/index.php\/wp-json\/wp\/v2\/pages\/402\/revisions"}],"predecessor-version":[{"id":424,"href":"https:\/\/www.lespetitsplatsdelinette.fr\/index.php\/wp-json\/wp\/v2\/pages\/402\/revisions\/424"}],"wp:attachment":[{"href":"https:\/\/www.lespetitsplatsdelinette.fr\/index.php\/wp-json\/wp\/v2\/media?parent=402"}],"curies":[{"name":"wp","href":"https:\/\/api.w.org\/{rel}","templated":true}]}}